{"id":5716,"date":"2023-02-21T18:52:30","date_gmt":"2023-02-21T18:52:30","guid":{"rendered":"https:\/\/www.rafalborcz.com\/?page_id=5716"},"modified":"2023-03-07T20:00:25","modified_gmt":"2023-03-07T20:00:25","slug":"wydarzenia","status":"publish","type":"page","link":"https:\/\/www.rafalborcz.com\/en\/wydarzenia\/","title":{"rendered":"NEWS"},"content":{"rendered":"<section class=\"brando-row-1\"><div class=\"container\"><div class=\"row\"><div class=\"wpb_column brando-column-container brando-column-1 vc_col-sm-12 col-xs-mobile-fullwidth\" data-front-class=\"brando-column-container brando-column-1 col-xs-mobile-fullwidth\"><div class=\"vc-column-innner-wrapper\"><div class=\"wpd-innner-wrapper\">[vc_empty_space height=\"88px\"]<div class=\"margin-ten no-margin-lr clearfix\"><h1 class=\"alt-font font-weight-600 brando-font-setting-69e771d09ed53  black-text heading-style1 brando-heading-1\">NEWS<\/h1><\/div>[vc_separator]<div class=\"blog-3-column\"><div class=\"post-5855 post type-post status-publish format-standard has-post-thumbnail hentry category-wydarzenia\"><div class=\"blog-post-style7 col-md-4 col-sm-6 col-xs-12 margin-four-bottom xs-margin-seven-bottom margin-seven-bottom brando-blog-1\"><div class=\"post-thumbnail overflow-hidden\"><div class=\"blog-image\"><a href=\"https:\/\/www.rafalborcz.com\/en\/na-pograniczu-swiatow-vol-2-13-01-28-02-2023\/\"><img loading=\"lazy\" decoding=\"async\" width=\"980\" height=\"700\" src=\"https:\/\/www.rafalborcz.com\/wp-content\/uploads\/2023\/02\/324015226_844396403505328_5671386939761403307_n-980x700.jpg\" class=\"attachment-post-thumbnail size-post-thumbnail wp-post-image\" alt=\"Na pograniczu \u015bwiat\u00f3w, Natura rzeczy 13.01-28.02.2023, Krak\u00f3w\" srcset=\"https:\/\/www.rafalborcz.com\/wp-content\/uploads\/2023\/02\/324015226_844396403505328_5671386939761403307_n-980x700.jpg 980w, https:\/\/www.rafalborcz.com\/wp-content\/uploads\/2023\/02\/324015226_844396403505328_5671386939761403307_n-300x214.jpg 300w, https:\/\/www.rafalborcz.com\/wp-content\/uploads\/2023\/02\/324015226_844396403505328_5671386939761403307_n-1024x731.jpg 1024w, https:\/\/www.rafalborcz.com\/wp-content\/uploads\/2023\/02\/324015226_844396403505328_5671386939761403307_n-768x549.jpg 768w, https:\/\/www.rafalborcz.com\/wp-content\/uploads\/2023\/02\/324015226_844396403505328_5671386939761403307_n-420x300.jpg 420w, https:\/\/www.rafalborcz.com\/wp-content\/uploads\/2023\/02\/324015226_844396403505328_5671386939761403307_n-24x17.jpg 24w, https:\/\/www.rafalborcz.com\/wp-content\/uploads\/2023\/02\/324015226_844396403505328_5671386939761403307_n-36x26.jpg 36w, https:\/\/www.rafalborcz.com\/wp-content\/uploads\/2023\/02\/324015226_844396403505328_5671386939761403307_n-48x34.jpg 48w, https:\/\/www.rafalborcz.com\/wp-content\/uploads\/2023\/02\/324015226_844396403505328_5671386939761403307_n.jpg 1260w\" sizes=\"auto, (max-width: 980px) 100vw, 980px\" \/><\/a><\/div><\/div><div class=\"post-details margin-eight-top\"><span class=\"text-large text-uppercase display-block alt-font margin-four-bottom sm-text-medium xs-text-medium alt-font font-weight-700 \"><a href=\"https:\/\/www.rafalborcz.com\/en\/na-pograniczu-swiatow-vol-2-13-01-28-02-2023\/\" class=\"dark-gray-text entry-title\">Na pograniczu \u015bwiat\u00f3w vol.2 &#8211; 13.01-28.02.2023<\/a><\/span><\/div><\/div><\/div><div class=\"post-5849 post type-post status-publish format-standard has-post-thumbnail hentry category-wydarzenia\"><div class=\"blog-post-style7 col-md-4 col-sm-6 col-xs-12 margin-four-bottom xs-margin-seven-bottom margin-seven-bottom brando-blog-1\"><div class=\"post-thumbnail overflow-hidden\"><div class=\"blog-image\"><a href=\"https:\/\/www.rafalborcz.com\/en\/wszystkie-pory-pejzazu-19-01-2023-do-09-04-2023\/\"><img loading=\"lazy\" decoding=\"async\" width=\"562\" height=\"700\" src=\"https:\/\/www.rafalborcz.com\/wp-content\/uploads\/2023\/02\/325732304_5994715973900076_1524228607234496205_n-562x700.jpg\" class=\"attachment-post-thumbnail size-post-thumbnail wp-post-image\" alt=\"Wszystkie pory pejza\u017cu - wsp\u00f3\u0142czesne malarstwo polskie, 19.01-09.04.2023, Stary S\u0105cz\" srcset=\"https:\/\/www.rafalborcz.com\/wp-content\/uploads\/2023\/02\/325732304_5994715973900076_1524228607234496205_n-562x700.jpg 562w, https:\/\/www.rafalborcz.com\/wp-content\/uploads\/2023\/02\/325732304_5994715973900076_1524228607234496205_n-241x300.jpg 241w, https:\/\/www.rafalborcz.com\/wp-content\/uploads\/2023\/02\/325732304_5994715973900076_1524228607234496205_n-420x523.jpg 420w, https:\/\/www.rafalborcz.com\/wp-content\/uploads\/2023\/02\/325732304_5994715973900076_1524228607234496205_n-19x24.jpg 19w, https:\/\/www.rafalborcz.com\/wp-content\/uploads\/2023\/02\/325732304_5994715973900076_1524228607234496205_n-29x36.jpg 29w, https:\/\/www.rafalborcz.com\/wp-content\/uploads\/2023\/02\/325732304_5994715973900076_1524228607234496205_n-39x48.jpg 39w, https:\/\/www.rafalborcz.com\/wp-content\/uploads\/2023\/02\/325732304_5994715973900076_1524228607234496205_n.jpg 723w\" sizes=\"auto, (max-width: 562px) 100vw, 562px\" \/><\/a><\/div><\/div><div class=\"post-details margin-eight-top\"><span class=\"text-large text-uppercase display-block alt-font margin-four-bottom sm-text-medium xs-text-medium alt-font font-weight-700 \"><a href=\"https:\/\/www.rafalborcz.com\/en\/wszystkie-pory-pejzazu-19-01-2023-do-09-04-2023\/\" class=\"dark-gray-text entry-title\">Wszystkie pory pejza\u017cu &#8211; 19.01.2023 do 09.04.2023<\/a><\/span><\/div><\/div><\/div><div class=\"post-1 post type-post status-publish format-standard has-post-thumbnail hentry category-wydarzenia\"><div class=\"blog-post-style7 col-md-4 col-sm-6 col-xs-12 margin-four-bottom xs-margin-seven-bottom margin-seven-bottom brando-blog-1\"><div class=\"post-thumbnail overflow-hidden\"><div class=\"blog-image\"><a href=\"https:\/\/www.rafalborcz.com\/en\/19-warszawskie-targi-sztuki-26-27-11-2022\/\"><img loading=\"lazy\" decoding=\"async\" width=\"700\" height=\"700\" src=\"https:\/\/www.rafalborcz.com\/wp-content\/uploads\/2023\/02\/full_19_WTS_banery_1080x1080-1-700x700.jpg\" class=\"attachment-post-thumbnail size-post-thumbnail wp-post-image\" alt=\"19 Warszawskie Targi Sztuki - EXPO XXI, 26-27.11.2022\" srcset=\"https:\/\/www.rafalborcz.com\/wp-content\/uploads\/2023\/02\/full_19_WTS_banery_1080x1080-1-700x700.jpg 700w, https:\/\/www.rafalborcz.com\/wp-content\/uploads\/2023\/02\/full_19_WTS_banery_1080x1080-1-300x300.jpg 300w, https:\/\/www.rafalborcz.com\/wp-content\/uploads\/2023\/02\/full_19_WTS_banery_1080x1080-1-150x150.jpg 150w, https:\/\/www.rafalborcz.com\/wp-content\/uploads\/2023\/02\/full_19_WTS_banery_1080x1080-1-768x768.jpg 768w, https:\/\/www.rafalborcz.com\/wp-content\/uploads\/2023\/02\/full_19_WTS_banery_1080x1080-1-420x420.jpg 420w, https:\/\/www.rafalborcz.com\/wp-content\/uploads\/2023\/02\/full_19_WTS_banery_1080x1080-1-24x24.jpg 24w, https:\/\/www.rafalborcz.com\/wp-content\/uploads\/2023\/02\/full_19_WTS_banery_1080x1080-1-36x36.jpg 36w, https:\/\/www.rafalborcz.com\/wp-content\/uploads\/2023\/02\/full_19_WTS_banery_1080x1080-1-48x48.jpg 48w, https:\/\/www.rafalborcz.com\/wp-content\/uploads\/2023\/02\/full_19_WTS_banery_1080x1080-1.jpg 900w\" sizes=\"auto, (max-width: 700px) 100vw, 700px\" \/><\/a><\/div><\/div><div class=\"post-details margin-eight-top\"><span class=\"text-large text-uppercase display-block alt-font margin-four-bottom sm-text-medium xs-text-medium alt-font font-weight-700 \"><a href=\"https:\/\/www.rafalborcz.com\/en\/19-warszawskie-targi-sztuki-26-27-11-2022\/\" class=\"dark-gray-text entry-title\">19 Warszawskie Targi Sztuki &#8211; 26-27.11.2022<\/a><\/span><\/div><\/div><\/div><\/div><\/div><\/div><\/div><\/div><\/div><\/section>","protected":false},"excerpt":{"rendered":"<p>19 Warszawskie Targi Sztuki EXPO XXI Pr\u0105dzy\u0144skiego 12\/4426-27.11.2022Ponad 80 galerii sztuki wsp\u00f3\u0142czesnej i antykwariat\u00f3w<\/p>\n","protected":false},"author":1,"featured_media":0,"parent":0,"menu_order":0,"comment_status":"closed","ping_status":"closed","template":"","meta":{"footnotes":""},"class_list":["post-5716","page","type-page","status-publish","hentry"],"_links":{"self":[{"href":"https:\/\/www.rafalborcz.com\/en\/wp-json\/wp\/v2\/pages\/5716","targetHints":{"allow":["GET"]}}],"collection":[{"href":"https:\/\/www.rafalborcz.com\/en\/wp-json\/wp\/v2\/pages"}],"about":[{"href":"https:\/\/www.rafalborcz.com\/en\/wp-json\/wp\/v2\/types\/page"}],"author":[{"embeddable":true,"href":"https:\/\/www.rafalborcz.com\/en\/wp-json\/wp\/v2\/users\/1"}],"replies":[{"embeddable":true,"href":"https:\/\/www.rafalborcz.com\/en\/wp-json\/wp\/v2\/comments?post=5716"}],"version-history":[{"count":13,"href":"https:\/\/www.rafalborcz.com\/en\/wp-json\/wp\/v2\/pages\/5716\/revisions"}],"predecessor-version":[{"id":5970,"href":"https:\/\/www.rafalborcz.com\/en\/wp-json\/wp\/v2\/pages\/5716\/revisions\/5970"}],"wp:attachment":[{"href":"https:\/\/www.rafalborcz.com\/en\/wp-json\/wp\/v2\/media?parent=5716"}],"curies":[{"name":"wp","href":"https:\/\/api.w.org\/{rel}","templated":true}]}}