{"id":5720,"date":"2023-02-21T18:55:15","date_gmt":"2023-02-21T18:55:15","guid":{"rendered":"https:\/\/www.rafalborcz.com\/?page_id=5720"},"modified":"2023-03-07T19:59:58","modified_gmt":"2023-03-07T19:59:58","slug":"teksty","status":"publish","type":"page","link":"https:\/\/www.rafalborcz.com\/en\/teksty\/","title":{"rendered":"TEXTS"},"content":{"rendered":"<section class=\"brando-row-1\"><div class=\"container\"><div class=\"row\"><div class=\"wpb_column brando-column-container brando-column-1 vc_col-sm-12 col-xs-mobile-fullwidth\" data-front-class=\"brando-column-container brando-column-1 col-xs-mobile-fullwidth\"><div class=\"vc-column-innner-wrapper\"><div class=\"wpd-innner-wrapper\">[vc_empty_space height=\"88px\"]<div class=\"margin-ten no-margin-lr clearfix\"><h1 class=\"alt-font font-weight-600 brando-font-setting-69e76e8faf41d  black-text heading-style1 brando-heading-1\">TEXTS<\/h1><\/div>[vc_separator]<div class=\"blog-3-column\"><div class=\"post-5957 post type-post status-publish format-standard hentry category-teksty\"><div class=\"blog-post-style7 col-md-4 col-sm-6 col-xs-12 margin-four-bottom xs-margin-seven-bottom margin-seven-bottom brando-blog-1\"><div class=\"post-details margin-eight-top\"><span class=\"text-large text-uppercase display-block alt-font margin-four-bottom sm-text-medium xs-text-medium alt-font font-weight-700 \"><a href=\"https:\/\/www.rafalborcz.com\/en\/rafal-borcz-adam-organisty\/\" class=\"dark-gray-text entry-title\">Rafa\u0142 Borcz &#8211; Adam Organisty<\/a><\/span><p class=\"margin-seven-bottom xs-margin-five-bottom entry-content\">Z przyjemno\u015bci\u0105 wracam do wspomnienia o pierwszym spotkaniu z Rafa\u0142em Borczem. Opowiada\u0142 o \u201eswoim miejscu\u201d,...<\/p><\/div><\/div><\/div><div class=\"post-5860 post type-post status-publish format-standard hentry category-teksty\"><div class=\"blog-post-style7 col-md-4 col-sm-6 col-xs-12 margin-four-bottom xs-margin-seven-bottom margin-seven-bottom brando-blog-1\"><div class=\"post-details margin-eight-top\"><span class=\"text-large text-uppercase display-block alt-font margin-four-bottom sm-text-medium xs-text-medium alt-font font-weight-700 \"><a href=\"https:\/\/www.rafalborcz.com\/en\/zjawiskowosc-swiata-malarstwo-rafala-borcza\/\" class=\"dark-gray-text entry-title\">ZJAWISKOWO\u015a\u0106 \u015aWIATA &#8211; Malarstwo Rafa\u0142a Borcza<\/a><\/span><p class=\"margin-seven-bottom xs-margin-five-bottom entry-content\">WYJAZDY I POWROTY Wszytko zaczyna si\u0119 w Zatoce W\u0119\u017ca. W ch\u0142odny, p\u00f3\u017anojesienny poranek, po przejrzystej...<\/p><\/div><\/div><\/div><div class=\"post-5858 post type-post status-publish format-standard hentry category-teksty\"><div class=\"blog-post-style7 col-md-4 col-sm-6 col-xs-12 margin-four-bottom xs-margin-seven-bottom margin-seven-bottom brando-blog-1\"><div class=\"post-details margin-eight-top\"><span class=\"text-large text-uppercase display-block alt-font margin-four-bottom sm-text-medium xs-text-medium alt-font font-weight-700 \"><a href=\"https:\/\/www.rafalborcz.com\/en\/spektakl-w-rodzaju-antycznej-tragedii-adriana-zimnowoda\/\" class=\"dark-gray-text entry-title\">SPEKTAKL W RODZAJU ANTYCZNEJ TRAGEDII &#8211; Adriana Zimnowoda<\/a><\/span><p class=\"margin-seven-bottom xs-margin-five-bottom entry-content\">SPEKTAKL W RODZAJU ANTYCZNEJ TRAGEDII C\u00f3\u017c to za pomys\u0142 by w obliczu donios\u0142ych odkry\u0107 po\u015bwiadczaj\u0105cych...<\/p><\/div><\/div><\/div><\/div><\/div><\/div><\/div><\/div><\/div><\/section>","protected":false},"excerpt":{"rendered":"<p>SPEKTAKL W RODZAJU ANTYCZNEJ TRAGEDII C\u00f3\u017c to za pomys\u0142 by w obliczu donios\u0142ych odkry\u0107 po\u015bwiadczaj\u0105cych krucho\u015b\u0107 dotychczasowych wyobra\u017ce\u0144 o uporz\u0105dkowanej \u201earchitekturze\u201d \u015bwiata, gdy wyja\u015bnianie zjawiska nieprzewidywalnych proces\u00f3w spontanicznych robi furor\u0119, a fascynacja terminem \u201eentropia\u201d wyp\u0142ywa szerokim strumieniem poza granice dyscyplin naukowych, pojawiaj\u0105c si\u0119 ochoczo tak\u017ce w obszarze sztuki \u2013 malowa\u0107 pejza\u017ce? Czy w obliczu powagi, [&hellip;]<\/p>\n","protected":false},"author":1,"featured_media":0,"parent":0,"menu_order":0,"comment_status":"closed","ping_status":"closed","template":"","meta":{"footnotes":""},"class_list":["post-5720","page","type-page","status-publish","hentry"],"_links":{"self":[{"href":"https:\/\/www.rafalborcz.com\/en\/wp-json\/wp\/v2\/pages\/5720","targetHints":{"allow":["GET"]}}],"collection":[{"href":"https:\/\/www.rafalborcz.com\/en\/wp-json\/wp\/v2\/pages"}],"about":[{"href":"https:\/\/www.rafalborcz.com\/en\/wp-json\/wp\/v2\/types\/page"}],"author":[{"embeddable":true,"href":"https:\/\/www.rafalborcz.com\/en\/wp-json\/wp\/v2\/users\/1"}],"replies":[{"embeddable":true,"href":"https:\/\/www.rafalborcz.com\/en\/wp-json\/wp\/v2\/comments?post=5720"}],"version-history":[{"count":2,"href":"https:\/\/www.rafalborcz.com\/en\/wp-json\/wp\/v2\/pages\/5720\/revisions"}],"predecessor-version":[{"id":5969,"href":"https:\/\/www.rafalborcz.com\/en\/wp-json\/wp\/v2\/pages\/5720\/revisions\/5969"}],"wp:attachment":[{"href":"https:\/\/www.rafalborcz.com\/en\/wp-json\/wp\/v2\/media?parent=5720"}],"curies":[{"name":"wp","href":"https:\/\/api.w.org\/{rel}","templated":true}]}}